{"id":11597,"date":"2025-08-25T20:43:11","date_gmt":"2025-08-25T12:43:11","guid":{"rendered":"https:\/\/www.dentalbeijing.com\/?page_id=11597"},"modified":"2026-04-20T07:42:04","modified_gmt":"2026-04-19T23:42:04","slug":"home","status":"publish","type":"page","link":"https:\/\/www.dentalbeijing.com\/fr\/","title":{"rendered":"Home"},"content":{"rendered":"<p><!-- This page is used only for SEO and language settings. --><\/p>\n","protected":false},"excerpt":{"rendered":"","protected":false},"author":1,"featured_media":14581,"parent":0,"menu_order":0,"comment_status":"closed","ping_status":"closed","template":"","meta":{"footnotes":""},"class_list":["post-11597","page","type-page","status-publish","has-post-thumbnail","hentry"],"yoast_head":"<!-- This site is optimized with the Yoast SEO Premium plugin v25.7.1 (Yoast SEO v25.8) - https:\/\/yoast.com\/wordpress\/plugins\/seo\/ -->\n<title>Dentiste \u00e0 P\u00e9kin | Implants &amp; Orthodontie | Clinique Keer<\/title>\n<meta name=\"description\" content=\"Clinique dentaire internationale \u00e0 P\u00e9kin (Chaoyang). \u00c9quipe anglophone, implants robotis\u00e9s, Invisalign et soins p\u00e9diatriques. Assistance remboursement assurance. Prix d\u00e8s 3980 RMB.\" \/>\n<meta name=\"robots\" content=\"index, follow, max-snippet:-1, max-image-preview:large, max-video-preview:-1\" \/>\n<link rel=\"canonical\" href=\"https:\/\/www.dentalbeijing.com\/fr\/\" \/>\n<meta property=\"og:locale\" content=\"fr_FR\" \/>\n<meta property=\"og:type\" content=\"article\" \/>\n<meta property=\"og:title\" content=\"Votre Dentiste International \u00e0 P\u00e9kin \ud83c\uddeb\ud83c\uddf7 Clinique Keer\" \/>\n<meta property=\"og:description\" content=\"Soins dentaires de qualit\u00e9 suisse \u00e0 P\u00e9kin. Implants, facettes et urgences. \u00c9quipe anglophone d\u00e9di\u00e9e aux expatri\u00e9s.\" \/>\n<meta property=\"og:url\" content=\"https:\/\/www.dentalbeijing.com\/fr\/\" \/>\n<meta property=\"og:site_name\" content=\"Clinique dentaire Beijing Keer\" \/>\n<meta property=\"article:publisher\" content=\"https:\/\/www.facebook.com\/BeijingDentalClinic\" \/>\n<meta property=\"article:modified_time\" content=\"2026-04-19T23:42:04+00:00\" \/>\n<meta property=\"og:image\" content=\"https:\/\/www.dentalbeijing.com\/wp-content\/uploads\/2026\/01\/Beijing-Keer-Dental-Clinic.jpg\" \/>\n\t<meta property=\"og:image:width\" content=\"1200\" \/>\n\t<meta property=\"og:image:height\" content=\"675\" \/>\n\t<meta property=\"og:image:type\" content=\"image\/jpeg\" \/>\n<meta name=\"twitter:card\" content=\"summary_large_image\" \/>\n<meta name=\"twitter:title\" content=\"Votre Dentiste International \u00e0 P\u00e9kin \ud83c\uddeb\ud83c\uddf7 Clinique Keer\" \/>\n<meta name=\"twitter:description\" content=\"Soins dentaires de qualit\u00e9 suisse \u00e0 P\u00e9kin. Implants, facettes et urgences. \u00c9quipe anglophone d\u00e9di\u00e9e aux expatri\u00e9s.\" \/>\n<meta name=\"twitter:label1\" content=\"Dur\u00e9e de lecture estim\u00e9e\" \/>\n\t<meta name=\"twitter:data1\" content=\"1 minute\" \/>\n<!-- \/ Yoast SEO Premium plugin. -->","yoast_head_json":{"title":"Dentiste \u00e0 P\u00e9kin | Implants & Orthodontie | Clinique Keer","description":"Clinique dentaire internationale \u00e0 P\u00e9kin (Chaoyang). \u00c9quipe anglophone, implants robotis\u00e9s, Invisalign et soins p\u00e9diatriques. Assistance remboursement assurance. Prix d\u00e8s 3980 RMB.","robots":{"index":"index","follow":"follow","max-snippet":"max-snippet:-1","max-image-preview":"max-image-preview:large","max-video-preview":"max-video-preview:-1"},"canonical":"https:\/\/www.dentalbeijing.com\/fr\/","og_locale":"fr_FR","og_type":"article","og_title":"Votre Dentiste International \u00e0 P\u00e9kin \ud83c\uddeb\ud83c\uddf7 Clinique Keer","og_description":"Soins dentaires de qualit\u00e9 suisse \u00e0 P\u00e9kin. Implants, facettes et urgences. \u00c9quipe anglophone d\u00e9di\u00e9e aux expatri\u00e9s.","og_url":"https:\/\/www.dentalbeijing.com\/fr\/","og_site_name":"Clinique dentaire Beijing Keer","article_publisher":"https:\/\/www.facebook.com\/BeijingDentalClinic","article_modified_time":"2026-04-19T23:42:04+00:00","og_image":[{"width":1200,"height":675,"url":"https:\/\/www.dentalbeijing.com\/wp-content\/uploads\/2026\/01\/Beijing-Keer-Dental-Clinic.jpg","type":"image\/jpeg"}],"twitter_card":"summary_large_image","twitter_title":"Votre Dentiste International \u00e0 P\u00e9kin \ud83c\uddeb\ud83c\uddf7 Clinique Keer","twitter_description":"Soins dentaires de qualit\u00e9 suisse \u00e0 P\u00e9kin. Implants, facettes et urgences. \u00c9quipe anglophone d\u00e9di\u00e9e aux expatri\u00e9s.","twitter_misc":{"Dur\u00e9e de lecture estim\u00e9e":"1 minute"},"schema":{"@context":"https:\/\/schema.org","@graph":[{"@type":"WebPage","@id":"https:\/\/www.dentalbeijing.com\/fr\/","url":"https:\/\/www.dentalbeijing.com\/fr\/","name":"Dentiste \u00e0 P\u00e9kin | Implants & Orthodontie | Clinique Keer","isPartOf":{"@id":"https:\/\/www.dentalbeijing.com\/fr\/#website"},"primaryImageOfPage":{"@id":"https:\/\/www.dentalbeijing.com\/fr\/#primaryimage"},"image":{"@id":"https:\/\/www.dentalbeijing.com\/fr\/#primaryimage"},"thumbnailUrl":"https:\/\/www.dentalbeijing.com\/wp-content\/uploads\/2026\/01\/Beijing-Keer-Dental-Clinic.jpg","datePublished":"2025-08-25T12:43:11+00:00","dateModified":"2026-04-19T23:42:04+00:00","description":"Clinique dentaire internationale \u00e0 P\u00e9kin (Chaoyang). \u00c9quipe anglophone, implants robotis\u00e9s, Invisalign et soins p\u00e9diatriques. Assistance remboursement assurance. Prix d\u00e8s 3980 RMB.","breadcrumb":{"@id":"https:\/\/www.dentalbeijing.com\/fr\/#breadcrumb"},"inLanguage":"fr-FR","potentialAction":[{"@type":"ReadAction","target":["https:\/\/www.dentalbeijing.com\/fr\/"]}]},{"@type":"ImageObject","inLanguage":"fr-FR","@id":"https:\/\/www.dentalbeijing.com\/fr\/#primaryimage","url":"https:\/\/www.dentalbeijing.com\/wp-content\/uploads\/2026\/01\/Beijing-Keer-Dental-Clinic.jpg","contentUrl":"https:\/\/www.dentalbeijing.com\/wp-content\/uploads\/2026\/01\/Beijing-Keer-Dental-Clinic.jpg","width":1200,"height":675,"caption":"Clinique Dentaire Beijing Keer"},{"@type":"BreadcrumbList","@id":"https:\/\/www.dentalbeijing.com\/fr\/#breadcrumb","itemListElement":[{"@type":"ListItem","position":1,"name":"Home","item":"https:\/\/www.dentalbeijing.com\/fr\/"},{"@type":"ListItem","position":2,"name":"Home"}]},{"@type":"WebSite","@id":"https:\/\/www.dentalbeijing.com\/fr\/#website","url":"https:\/\/www.dentalbeijing.com\/fr\/","name":"Beijing Keer Dental Clinic","description":"Dentiste international \u00e0 P\u00e9kin | Implants dentaires, facettes, orthodontie et nettoyage dentaire","publisher":{"@id":"https:\/\/www.dentalbeijing.com\/fr\/#organization"},"alternateName":"\u5317\u4eac\u79d1\u5c14\u53e3\u8154","potentialAction":[{"@type":"SearchAction","target":{"@type":"EntryPoint","urlTemplate":"https:\/\/www.dentalbeijing.com\/fr\/?s={search_term_string}"},"query-input":{"@type":"PropertyValueSpecification","valueRequired":true,"valueName":"search_term_string"}}],"inLanguage":"fr-FR"}]}},"_links":{"self":[{"href":"https:\/\/www.dentalbeijing.com\/fr\/wp-json\/wp\/v2\/pages\/11597","targetHints":{"allow":["GET"]}}],"collection":[{"href":"https:\/\/www.dentalbeijing.com\/fr\/wp-json\/wp\/v2\/pages"}],"about":[{"href":"https:\/\/www.dentalbeijing.com\/fr\/wp-json\/wp\/v2\/types\/page"}],"author":[{"embeddable":true,"href":"https:\/\/www.dentalbeijing.com\/fr\/wp-json\/wp\/v2\/users\/1"}],"replies":[{"embeddable":true,"href":"https:\/\/www.dentalbeijing.com\/fr\/wp-json\/wp\/v2\/comments?post=11597"}],"version-history":[{"count":4,"href":"https:\/\/www.dentalbeijing.com\/fr\/wp-json\/wp\/v2\/pages\/11597\/revisions"}],"predecessor-version":[{"id":14795,"href":"https:\/\/www.dentalbeijing.com\/fr\/wp-json\/wp\/v2\/pages\/11597\/revisions\/14795"}],"wp:featuredmedia":[{"embeddable":true,"href":"https:\/\/www.dentalbeijing.com\/fr\/wp-json\/wp\/v2\/media\/14581"}],"wp:attachment":[{"href":"https:\/\/www.dentalbeijing.com\/fr\/wp-json\/wp\/v2\/media?parent=11597"}],"curies":[{"name":"wp","href":"https:\/\/api.w.org\/{rel}","templated":true}]}}