{"id":11639,"date":"2026-01-11T19:34:39","date_gmt":"2026-01-11T11:34:39","guid":{"rendered":"https:\/\/www.dentalbeijing.com\/zahnaerztliche-ratschlaege\/"},"modified":"2026-01-11T19:32:43","modified_gmt":"2026-01-11T11:32:43","slug":"blog","status":"publish","type":"page","link":"https:\/\/www.dentalbeijing.com\/de\/blog\/","title":{"rendered":"Zahn\u00e4rztliche Ratschl\u00e4ge"},"content":{"rendered":"<ul class=\"wp-block-latest-posts__list wp-block-latest-posts\"><li><div class=\"wp-block-latest-posts__featured-image\"><a href=\"https:\/\/www.dentalbeijing.com\/de\/veneer-fell-off-beijing\/\" aria-label=\"Veneer abgefallen in Peking | Notfallreparatur des Veneers durch englischsprachigen Zahnarzt\"><img decoding=\"async\" width=\"150\" height=\"150\" src=\"https:\/\/www.dentalbeijing.com\/wp-content\/uploads\/2025\/09\/Veneer-in-Beijing-150x150.jpg\" class=\"attachment-thumbnail size-thumbnail wp-post-image\" alt=\"Veneer in Beijing\" style=\"\" \/><\/a><\/div><a class=\"wp-block-latest-posts__post-title\" href=\"https:\/\/www.dentalbeijing.com\/de\/veneer-fell-off-beijing\/\">Veneer abgefallen in Peking | Notfallreparatur des Veneers durch englischsprachigen Zahnarzt<\/a><div class=\"wp-block-latest-posts__post-excerpt\">Ist Ihnen in Peking ein Veneer abgefallen? Keine Panik. Dieser kurze Leitfaden erkl\u00e4rt Ihnen, was Sie jetzt sofort tun sollten, was Sie vermeiden m\u00fcssen und\u2026\u00a0<a class=\"wp-block-latest-posts__read-more\" href=\"https:\/\/www.dentalbeijing.com\/de\/veneer-fell-off-beijing\/\" rel=\"noopener noreferrer\"><span class=\"screen-reader-text\">Veneer abgefallen in Peking | Notfallreparatur des Veneers durch englischsprachigen Zahnarzt <\/span>weiterlesen<\/a><\/div><\/li>\n<\/ul>","protected":false},"excerpt":{"rendered":"","protected":false},"author":1,"featured_media":11638,"parent":0,"menu_order":0,"comment_status":"closed","ping_status":"closed","template":"no-title-page-3","meta":{"footnotes":""},"class_list":["post-11639","page","type-page","status-publish","has-post-thumbnail","hentry"],"yoast_head":"<!-- This site is optimized with the Yoast SEO Premium plugin v25.7.1 (Yoast SEO v25.8) - https:\/\/yoast.com\/wordpress\/plugins\/seo\/ -->\n<title>Zahn\u00e4rztliche Beratung in Peking | Tipps &amp; Ratgeber f\u00fcr Expats in Pekingg | Zahnklinik Beijing Keer<\/title>\n<meta name=\"description\" content=\"Entdecken Sie in unserem Pekinger Zahnblog Expertentipps, Behandlungsmethoden und hilfreiche Ratschl\u00e4ge speziell f\u00fcr Expats. Erfahren Sie mehr \u00fcber Implantate, Zahnspangen, Veneers, Zahnaufhellung und die zahn\u00e4rztliche Versorgung der ganzen Familie \u2013 mit englischsprachigen Zahn\u00e4rzten.\" \/>\n<meta name=\"robots\" content=\"index, follow, max-snippet:-1, max-image-preview:large, max-video-preview:-1\" \/>\n<link rel=\"canonical\" href=\"https:\/\/www.dentalbeijing.com\/de\/blog\/\" \/>\n<meta property=\"og:locale\" content=\"de_DE\" \/>\n<meta property=\"og:type\" content=\"article\" \/>\n<meta property=\"og:title\" content=\"Zahn\u00e4rztliche Beratung in Peking | Tipps &amp; Ratgeber f\u00fcr Expats in Pekingg | Zahnklinik Beijing Keer\" \/>\n<meta property=\"og:description\" content=\"Entdecken Sie in unserem Pekinger Zahnblog Expertentipps, Behandlungsmethoden und hilfreiche Ratschl\u00e4ge speziell f\u00fcr Expats. Erfahren Sie mehr \u00fcber Implantate, Zahnspangen, Veneers, Zahnaufhellung und die zahn\u00e4rztliche Versorgung der ganzen Familie \u2013 mit englischsprachigen Zahn\u00e4rzten.\" \/>\n<meta property=\"og:url\" content=\"https:\/\/www.dentalbeijing.com\/de\/blog\/\" \/>\n<meta property=\"og:site_name\" content=\"Beijing Keer Zahnklinik\" \/>\n<meta property=\"article:publisher\" content=\"https:\/\/www.facebook.com\/BeijingDentalClinic\" \/>\n<meta property=\"og:image\" content=\"https:\/\/www.dentalbeijing.com\/wp-content\/uploads\/2025\/05\/7085107fd8c94656b2e045acb400fae9.jpg\" \/>\n\t<meta property=\"og:image:width\" content=\"1080\" \/>\n\t<meta property=\"og:image:height\" content=\"1080\" \/>\n\t<meta property=\"og:image:type\" content=\"image\/jpeg\" \/>\n<meta name=\"twitter:card\" content=\"summary_large_image\" \/>\n<meta name=\"twitter:label1\" content=\"Gesch\u00e4tzte Lesezeit\" \/>\n\t<meta name=\"twitter:data1\" content=\"1\u00a0Minute\" \/>\n<!-- \/ Yoast SEO Premium plugin. -->","yoast_head_json":{"title":"Zahn\u00e4rztliche Beratung in Peking | Tipps & Ratgeber f\u00fcr Expats in Pekingg | Zahnklinik Beijing Keer","description":"Entdecken Sie in unserem Pekinger Zahnblog Expertentipps, Behandlungsmethoden und hilfreiche Ratschl\u00e4ge speziell f\u00fcr Expats. Erfahren Sie mehr \u00fcber Implantate, Zahnspangen, Veneers, Zahnaufhellung und die zahn\u00e4rztliche Versorgung der ganzen Familie \u2013 mit englischsprachigen Zahn\u00e4rzten.","robots":{"index":"index","follow":"follow","max-snippet":"max-snippet:-1","max-image-preview":"max-image-preview:large","max-video-preview":"max-video-preview:-1"},"canonical":"https:\/\/www.dentalbeijing.com\/de\/blog\/","og_locale":"de_DE","og_type":"article","og_title":"Zahn\u00e4rztliche Beratung in Peking | Tipps & Ratgeber f\u00fcr Expats in Pekingg | Zahnklinik Beijing Keer","og_description":"Entdecken Sie in unserem Pekinger Zahnblog Expertentipps, Behandlungsmethoden und hilfreiche Ratschl\u00e4ge speziell f\u00fcr Expats. Erfahren Sie mehr \u00fcber Implantate, Zahnspangen, Veneers, Zahnaufhellung und die zahn\u00e4rztliche Versorgung der ganzen Familie \u2013 mit englischsprachigen Zahn\u00e4rzten.","og_url":"https:\/\/www.dentalbeijing.com\/de\/blog\/","og_site_name":"Beijing Keer Zahnklinik","article_publisher":"https:\/\/www.facebook.com\/BeijingDentalClinic","og_image":[{"width":1080,"height":1080,"url":"https:\/\/www.dentalbeijing.com\/wp-content\/uploads\/2025\/05\/7085107fd8c94656b2e045acb400fae9.jpg","type":"image\/jpeg"}],"twitter_card":"summary_large_image","twitter_misc":{"Gesch\u00e4tzte Lesezeit":"1\u00a0Minute"},"schema":{"@context":"https:\/\/schema.org","@graph":[{"@type":"WebPage","@id":"https:\/\/www.dentalbeijing.com\/de\/blog\/","url":"https:\/\/www.dentalbeijing.com\/de\/blog\/","name":"Zahn\u00e4rztliche Beratung in Peking | Tipps & Ratgeber f\u00fcr Expats in Pekingg | Zahnklinik Beijing Keer","isPartOf":{"@id":"https:\/\/www.dentalbeijing.com\/de\/#website"},"primaryImageOfPage":{"@id":"https:\/\/www.dentalbeijing.com\/de\/blog\/#primaryimage"},"image":{"@id":"https:\/\/www.dentalbeijing.com\/de\/blog\/#primaryimage"},"thumbnailUrl":"https:\/\/www.dentalbeijing.com\/wp-content\/uploads\/2025\/05\/7085107fd8c94656b2e045acb400fae9.jpg","datePublished":"2026-01-11T11:34:39+00:00","description":"Entdecken Sie in unserem Pekinger Zahnblog Expertentipps, Behandlungsmethoden und hilfreiche Ratschl\u00e4ge speziell f\u00fcr Expats. Erfahren Sie mehr \u00fcber Implantate, Zahnspangen, Veneers, Zahnaufhellung und die zahn\u00e4rztliche Versorgung der ganzen Familie \u2013 mit englischsprachigen Zahn\u00e4rzten.","breadcrumb":{"@id":"https:\/\/www.dentalbeijing.com\/de\/blog\/#breadcrumb"},"inLanguage":"de","potentialAction":[{"@type":"ReadAction","target":["https:\/\/www.dentalbeijing.com\/de\/blog\/"]}]},{"@type":"ImageObject","inLanguage":"de","@id":"https:\/\/www.dentalbeijing.com\/de\/blog\/#primaryimage","url":"https:\/\/www.dentalbeijing.com\/wp-content\/uploads\/2025\/05\/7085107fd8c94656b2e045acb400fae9.jpg","contentUrl":"https:\/\/www.dentalbeijing.com\/wp-content\/uploads\/2025\/05\/7085107fd8c94656b2e045acb400fae9.jpg","width":1080,"height":1080,"caption":"Au\u00dfenansicht der Beijing Keer Zahnklinik 3"},{"@type":"BreadcrumbList","@id":"https:\/\/www.dentalbeijing.com\/de\/blog\/#breadcrumb","itemListElement":[{"@type":"ListItem","position":1,"name":"Home","item":"https:\/\/www.dentalbeijing.com\/de\/"},{"@type":"ListItem","position":2,"name":"Zahn\u00e4rztliche Ratschl\u00e4ge"}]},{"@type":"WebSite","@id":"https:\/\/www.dentalbeijing.com\/de\/#website","url":"https:\/\/www.dentalbeijing.com\/de\/","name":"Beijing Keer Dental Clinic","description":"Internationaler Zahnarzt in Peking | Implantate, Veneers, Kieferorthop\u00e4die &amp; Zahnreinigung","publisher":{"@id":"https:\/\/www.dentalbeijing.com\/de\/#organization"},"alternateName":"\u5317\u4eac\u79d1\u5c14\u53e3\u8154","potentialAction":[{"@type":"SearchAction","target":{"@type":"EntryPoint","urlTemplate":"https:\/\/www.dentalbeijing.com\/de\/?s={search_term_string}"},"query-input":{"@type":"PropertyValueSpecification","valueRequired":true,"valueName":"search_term_string"}}],"inLanguage":"de"}]}},"_links":{"self":[{"href":"https:\/\/www.dentalbeijing.com\/de\/wp-json\/wp\/v2\/pages\/11639","targetHints":{"allow":["GET"]}}],"collection":[{"href":"https:\/\/www.dentalbeijing.com\/de\/wp-json\/wp\/v2\/pages"}],"about":[{"href":"https:\/\/www.dentalbeijing.com\/de\/wp-json\/wp\/v2\/types\/page"}],"author":[{"embeddable":true,"href":"https:\/\/www.dentalbeijing.com\/de\/wp-json\/wp\/v2\/users\/1"}],"replies":[{"embeddable":true,"href":"https:\/\/www.dentalbeijing.com\/de\/wp-json\/wp\/v2\/comments?post=11639"}],"version-history":[{"count":3,"href":"https:\/\/www.dentalbeijing.com\/de\/wp-json\/wp\/v2\/pages\/11639\/revisions"}],"predecessor-version":[{"id":12924,"href":"https:\/\/www.dentalbeijing.com\/de\/wp-json\/wp\/v2\/pages\/11639\/revisions\/12924"}],"wp:featuredmedia":[{"embeddable":true,"href":"https:\/\/www.dentalbeijing.com\/de\/wp-json\/wp\/v2\/media\/11638"}],"wp:attachment":[{"href":"https:\/\/www.dentalbeijing.com\/de\/wp-json\/wp\/v2\/media?parent=11639"}],"curies":[{"name":"wp","href":"https:\/\/api.w.org\/{rel}","templated":true}]}}