{"id":11632,"date":"2025-08-25T20:43:11","date_gmt":"2025-08-25T12:43:11","guid":{"rendered":"https:\/\/www.dentalbeijing.com\/?page_id=11632"},"modified":"2026-04-20T07:39:13","modified_gmt":"2026-04-19T23:39:13","slug":"home","status":"publish","type":"page","link":"https:\/\/www.dentalbeijing.com\/de\/","title":{"rendered":"Home"},"content":{"rendered":"<p><!-- This page is used only for SEO and language settings. --><\/p>\n","protected":false},"excerpt":{"rendered":"","protected":false},"author":1,"featured_media":14582,"parent":0,"menu_order":0,"comment_status":"closed","ping_status":"closed","template":"","meta":{"footnotes":""},"class_list":["post-11632","page","type-page","status-publish","has-post-thumbnail","hentry"],"yoast_head":"<!-- This site is optimized with the Yoast SEO Premium plugin v25.7.1 (Yoast SEO v25.8) - https:\/\/yoast.com\/wordpress\/plugins\/seo\/ -->\n<title>Zahnarzt in Peking | Implantate &amp; Kieferorthop\u00e4die | Keer Klinik<\/title>\n<meta name=\"description\" content=\"Ihre internationale Zahnklinik in Peking (Chaoyang). Englischsprachige Zahn\u00e4rzte, Schweizer Implantate, Invisalign &amp; Kinderzahnheilkunde. Unterst\u00fctzung bei Versicherungsabrechnung.\" \/>\n<meta name=\"robots\" content=\"index, follow, max-snippet:-1, max-image-preview:large, max-video-preview:-1\" \/>\n<link rel=\"canonical\" href=\"https:\/\/www.dentalbeijing.com\/de\/\" \/>\n<meta property=\"og:locale\" content=\"de_DE\" \/>\n<meta property=\"og:type\" content=\"article\" \/>\n<meta property=\"og:title\" content=\"Ihr vertrauensw\u00fcrdiger Zahnarzt in Peking \ud83c\udde9\ud83c\uddea Beijing Keer\" \/>\n<meta property=\"og:description\" content=\"Hochwertige Zahnmedizin nach deutschem Standard. KI-Implantologie, schmerzfreie Behandlung und faire Preise.\" \/>\n<meta property=\"og:url\" content=\"https:\/\/www.dentalbeijing.com\/de\/\" \/>\n<meta property=\"og:site_name\" content=\"Beijing Keer Zahnklinik\" \/>\n<meta property=\"article:publisher\" content=\"https:\/\/www.facebook.com\/BeijingDentalClinic\" \/>\n<meta property=\"article:modified_time\" content=\"2026-04-19T23:39:13+00:00\" \/>\n<meta property=\"og:image\" content=\"https:\/\/www.dentalbeijing.com\/wp-content\/uploads\/2026\/01\/Beijing-Keer-Dental-Clinic.jpg\" \/>\n\t<meta property=\"og:image:width\" content=\"1200\" \/>\n\t<meta property=\"og:image:height\" content=\"675\" \/>\n\t<meta property=\"og:image:type\" content=\"image\/jpeg\" \/>\n<meta name=\"twitter:card\" content=\"summary_large_image\" \/>\n<meta name=\"twitter:title\" content=\"Ihr vertrauensw\u00fcrdiger Zahnarzt in Peking \ud83c\udde9\ud83c\uddea Beijing Keer\" \/>\n<meta name=\"twitter:description\" content=\"Hochwertige Zahnmedizin nach deutschem Standard. KI-Implantologie, schmerzfreie Behandlung und faire Preise.\" \/>\n<meta name=\"twitter:label1\" content=\"Gesch\u00e4tzte Lesezeit\" \/>\n\t<meta name=\"twitter:data1\" content=\"1\u00a0Minute\" \/>\n<!-- \/ Yoast SEO Premium plugin. -->","yoast_head_json":{"title":"Zahnarzt in Peking | Implantate & Kieferorthop\u00e4die | Keer Klinik","description":"Ihre internationale Zahnklinik in Peking (Chaoyang). Englischsprachige Zahn\u00e4rzte, Schweizer Implantate, Invisalign & Kinderzahnheilkunde. Unterst\u00fctzung bei Versicherungsabrechnung.","robots":{"index":"index","follow":"follow","max-snippet":"max-snippet:-1","max-image-preview":"max-image-preview:large","max-video-preview":"max-video-preview:-1"},"canonical":"https:\/\/www.dentalbeijing.com\/de\/","og_locale":"de_DE","og_type":"article","og_title":"Ihr vertrauensw\u00fcrdiger Zahnarzt in Peking \ud83c\udde9\ud83c\uddea Beijing Keer","og_description":"Hochwertige Zahnmedizin nach deutschem Standard. KI-Implantologie, schmerzfreie Behandlung und faire Preise.","og_url":"https:\/\/www.dentalbeijing.com\/de\/","og_site_name":"Beijing Keer Zahnklinik","article_publisher":"https:\/\/www.facebook.com\/BeijingDentalClinic","article_modified_time":"2026-04-19T23:39:13+00:00","og_image":[{"width":1200,"height":675,"url":"https:\/\/www.dentalbeijing.com\/wp-content\/uploads\/2026\/01\/Beijing-Keer-Dental-Clinic.jpg","type":"image\/jpeg"}],"twitter_card":"summary_large_image","twitter_title":"Ihr vertrauensw\u00fcrdiger Zahnarzt in Peking \ud83c\udde9\ud83c\uddea Beijing Keer","twitter_description":"Hochwertige Zahnmedizin nach deutschem Standard. KI-Implantologie, schmerzfreie Behandlung und faire Preise.","twitter_misc":{"Gesch\u00e4tzte Lesezeit":"1\u00a0Minute"},"schema":{"@context":"https:\/\/schema.org","@graph":[{"@type":["WebPage","MedicalWebPage"],"@id":"https:\/\/www.dentalbeijing.com\/de\/","url":"https:\/\/www.dentalbeijing.com\/de\/","name":"Zahnarzt in Peking | Implantate & Kieferorthop\u00e4die | Keer Klinik","isPartOf":{"@id":"https:\/\/www.dentalbeijing.com\/de\/#website"},"primaryImageOfPage":{"@id":"https:\/\/www.dentalbeijing.com\/de\/#primaryimage"},"image":{"@id":"https:\/\/www.dentalbeijing.com\/de\/#primaryimage"},"thumbnailUrl":"https:\/\/www.dentalbeijing.com\/wp-content\/uploads\/2026\/01\/Beijing-Keer-Dental-Clinic.jpg","datePublished":"2025-08-25T12:43:11+00:00","dateModified":"2026-04-19T23:39:13+00:00","description":"Ihre internationale Zahnklinik in Peking (Chaoyang). Englischsprachige Zahn\u00e4rzte, Schweizer Implantate, Invisalign & Kinderzahnheilkunde. Unterst\u00fctzung bei Versicherungsabrechnung.","breadcrumb":{"@id":"https:\/\/www.dentalbeijing.com\/de\/#breadcrumb"},"inLanguage":"de","potentialAction":[{"@type":"ReadAction","target":["https:\/\/www.dentalbeijing.com\/de\/"]}]},{"@type":"ImageObject","inLanguage":"de","@id":"https:\/\/www.dentalbeijing.com\/de\/#primaryimage","url":"https:\/\/www.dentalbeijing.com\/wp-content\/uploads\/2026\/01\/Beijing-Keer-Dental-Clinic.jpg","contentUrl":"https:\/\/www.dentalbeijing.com\/wp-content\/uploads\/2026\/01\/Beijing-Keer-Dental-Clinic.jpg","width":1200,"height":675,"caption":"Zahnklinik Beijing Keer"},{"@type":"BreadcrumbList","@id":"https:\/\/www.dentalbeijing.com\/de\/#breadcrumb","itemListElement":[{"@type":"ListItem","position":1,"name":"Home","item":"https:\/\/www.dentalbeijing.com\/de\/"},{"@type":"ListItem","position":2,"name":"Home"}]},{"@type":"WebSite","@id":"https:\/\/www.dentalbeijing.com\/de\/#website","url":"https:\/\/www.dentalbeijing.com\/de\/","name":"Beijing Keer Dental Clinic","description":"Internationaler Zahnarzt in Peking | Implantate, Veneers, Kieferorthop\u00e4die &amp; Zahnreinigung","publisher":{"@id":"https:\/\/www.dentalbeijing.com\/de\/#organization"},"alternateName":"\u5317\u4eac\u79d1\u5c14\u53e3\u8154","potentialAction":[{"@type":"SearchAction","target":{"@type":"EntryPoint","urlTemplate":"https:\/\/www.dentalbeijing.com\/de\/?s={search_term_string}"},"query-input":{"@type":"PropertyValueSpecification","valueRequired":true,"valueName":"search_term_string"}}],"inLanguage":"de"}]}},"_links":{"self":[{"href":"https:\/\/www.dentalbeijing.com\/de\/wp-json\/wp\/v2\/pages\/11632","targetHints":{"allow":["GET"]}}],"collection":[{"href":"https:\/\/www.dentalbeijing.com\/de\/wp-json\/wp\/v2\/pages"}],"about":[{"href":"https:\/\/www.dentalbeijing.com\/de\/wp-json\/wp\/v2\/types\/page"}],"author":[{"embeddable":true,"href":"https:\/\/www.dentalbeijing.com\/de\/wp-json\/wp\/v2\/users\/1"}],"replies":[{"embeddable":true,"href":"https:\/\/www.dentalbeijing.com\/de\/wp-json\/wp\/v2\/comments?post=11632"}],"version-history":[{"count":4,"href":"https:\/\/www.dentalbeijing.com\/de\/wp-json\/wp\/v2\/pages\/11632\/revisions"}],"predecessor-version":[{"id":14796,"href":"https:\/\/www.dentalbeijing.com\/de\/wp-json\/wp\/v2\/pages\/11632\/revisions\/14796"}],"wp:featuredmedia":[{"embeddable":true,"href":"https:\/\/www.dentalbeijing.com\/de\/wp-json\/wp\/v2\/media\/14582"}],"wp:attachment":[{"href":"https:\/\/www.dentalbeijing.com\/de\/wp-json\/wp\/v2\/media?parent=11632"}],"curies":[{"name":"wp","href":"https:\/\/api.w.org\/{rel}","templated":true}]}}